{"id":1566,"date":"2014-11-13T16:23:34","date_gmt":"2014-11-13T15:23:34","guid":{"rendered":"http:\/\/www.the-dreamlands.com\/?post_type=product&#038;p=1566"},"modified":"2015-03-24T00:10:29","modified_gmt":"2015-03-23T23:10:29","slug":"dream-diary","status":"publish","type":"product","link":"https:\/\/www.the-dreamlands.com\/de\/shop\/dream-diary\/","title":{"rendered":"Traumtagebuch"},"content":{"rendered":"<p>Du erh\u00e4ltst ein edles Traumtagebuch, um deine eigenen Traumreisen zu notieren und nicht zu vergessen. Mit einzigartiger ausgestanzter Schutzh\u00fclle und vier austauschbaren Deckblattmotiven im Postkartenformat. Eine Schutzh\u00fclle ohne Loch wird mitgeliefert.<\/p>\n<p>Das Buch enth\u00e4lt zudem folgende Geschichten in der englischsprachigen Originalfassung aus dem Traumlande-Zyklus von H.P. Lovecraft:<br \/>\n* Polaris<br \/>\n* The White Ship<br \/>\n* The Doom That Came to Sarnath<br \/>\n* Celepha\u00efs<br \/>\n* Ex Oblivione<br \/>\n* The Quest of Iranon<br \/>\n* The Other Gods<br \/>\n* What the Moon Brings<br \/>\n* The Dream-Quest of Unknown Kadath<br \/>\n* The Silver Key<br \/>\n* The Strange High House in the Mist<br \/>\n* Through the Gates of the Silver Key<\/p>\n<p>Format: 14,8 x 21 cm (DIN A5)<br \/>\nSeiten: 282<br \/>\nGewicht: ca. 800g<\/p>\n<p>Du erh\u00e4ltst au\u00dferdem den Status eines TR\u00c4UMENDEN und damit Zugang zu einer zuk\u00fcnftigen Online-Plattform, auf welcher du mit den neuesten Neuigkeiten und exklusiven Inhalten versorgt wirst. Als Tr\u00e4umender wirst du auch hin und wieder von uns um deine Meinung gefragt, somit wirst du also Einfluss auf die Entwicklung des Films nehmen und mithelfen die Traumlande zu gestalten. Alle TR\u00c4UMENDEN werden zus\u00e4tzlich sowohl auf der Website als auch im Abspann des Films namentlich gelistet.<br \/>\n<\/p>","protected":false},"excerpt":{"rendered":"<p>Du erh\u00e4ltst ein edles Traumtagebuch, um deine eigenen Traumreisen zu notieren und nicht zu vergessen. Mit einzigartiger ausgestanzter Schutzh\u00fclle und vier austauschbaren Deckblattmotiven im Postkartenformat. Eine Schutzh\u00fclle ohne Loch wird mitgeliefert. Das Buch enth\u00e4lt zudem folgende Geschichten in der englischsprachigen Originalfassung aus dem Traumlande-Zyklus von H.P. Lovecraft: * Polaris * The White Ship * The [&hellip;]<\/p>\n","protected":false},"featured_media":1879,"comment_status":"open","ping_status":"closed","template":"","meta":[],"class_list":{"0":"post-1566","1":"product","2":"type-product","3":"status-publish","4":"has-post-thumbnail","6":"product_cat-crowdfunding","8":"first","9":"instock","10":"taxable","11":"shipping-taxable","12":"purchasable","13":"product-type-simple"},"_links":{"self":[{"href":"https:\/\/www.the-dreamlands.com\/de\/wp-json\/wp\/v2\/product\/1566","targetHints":{"allow":["GET"]}}],"collection":[{"href":"https:\/\/www.the-dreamlands.com\/de\/wp-json\/wp\/v2\/product"}],"about":[{"href":"https:\/\/www.the-dreamlands.com\/de\/wp-json\/wp\/v2\/types\/product"}],"replies":[{"embeddable":true,"href":"https:\/\/www.the-dreamlands.com\/de\/wp-json\/wp\/v2\/comments?post=1566"}],"wp:featuredmedia":[{"embeddable":true,"href":"https:\/\/www.the-dreamlands.com\/de\/wp-json\/wp\/v2\/media\/1879"}],"wp:attachment":[{"href":"https:\/\/www.the-dreamlands.com\/de\/wp-json\/wp\/v2\/media?parent=1566"}],"curies":[{"name":"wp","href":"https:\/\/api.w.org\/{rel}","templated":true}]}}