{"id":1504,"date":"2014-10-01T03:09:38","date_gmt":"2014-10-01T01:09:38","guid":{"rendered":"http:\/\/www.the-dreamlands.com\/de\/?post_type=product&#038;p=1504"},"modified":"2014-11-26T21:13:56","modified_gmt":"2014-11-26T20:13:56","slug":"night-veil","status":"publish","type":"product","link":"https:\/\/www.the-dreamlands.com\/de\/shop\/night-veil\/","title":{"rendered":"T-Shirt #1"},"content":{"rendered":"<p>T-Shirt mit Traumstern auf der Vorder- und dem Logo auf der R\u00fcckseite<\/p>\n<p>Du erh\u00e4ltst au\u00dferdem den Status eines TR\u00c4UMENDEN und damit Zugang zu einer zuk\u00fcnftigen Online-Plattform, auf welcher du mit den neuesten Neuigkeiten und exklusiven Inhalten versorgt wirst. Als Tr\u00e4umender wirst du auch hin und wieder von uns um deine Meinung gefragt, somit wirst du also Einfluss auf die Entwicklung des Films nehmen und mithelfen die Traumlande zu gestalten. Alle TR\u00c4UMENDEN werden zus\u00e4tzlich sowohl auf der Website als auch im Abspann des Films namentlich gelistet.<\/p>","protected":false},"excerpt":{"rendered":"<p>T-Shirt mit Traumstern auf der Vorder- und dem Logo auf der R\u00fcckseite Du erh\u00e4ltst au\u00dferdem den Status eines TR\u00c4UMENDEN und damit Zugang zu einer zuk\u00fcnftigen Online-Plattform, auf welcher du mit den neuesten Neuigkeiten und exklusiven Inhalten versorgt wirst. Als Tr\u00e4umender wirst du auch hin und wieder von uns um deine Meinung gefragt, somit wirst du [&hellip;]<\/p>\n","protected":false},"featured_media":1533,"comment_status":"closed","ping_status":"closed","template":"","meta":[],"class_list":{"0":"post-1504","1":"product","2":"type-product","3":"status-publish","4":"has-post-thumbnail","6":"product_cat-crowdfunding","8":"first","9":"instock","10":"taxable","11":"shipping-taxable","12":"purchasable","13":"product-type-variable","14":"has-default-attributes","15":"has-children"},"_links":{"self":[{"href":"https:\/\/www.the-dreamlands.com\/de\/wp-json\/wp\/v2\/product\/1504","targetHints":{"allow":["GET"]}}],"collection":[{"href":"https:\/\/www.the-dreamlands.com\/de\/wp-json\/wp\/v2\/product"}],"about":[{"href":"https:\/\/www.the-dreamlands.com\/de\/wp-json\/wp\/v2\/types\/product"}],"replies":[{"embeddable":true,"href":"https:\/\/www.the-dreamlands.com\/de\/wp-json\/wp\/v2\/comments?post=1504"}],"wp:featuredmedia":[{"embeddable":true,"href":"https:\/\/www.the-dreamlands.com\/de\/wp-json\/wp\/v2\/media\/1533"}],"wp:attachment":[{"href":"https:\/\/www.the-dreamlands.com\/de\/wp-json\/wp\/v2\/media?parent=1504"}],"curies":[{"name":"wp","href":"https:\/\/api.w.org\/{rel}","templated":true}]}}